{"id":261,"date":"2023-12-14T11:00:44","date_gmt":"2023-12-14T11:00:44","guid":{"rendered":"https:\/\/vs-neufelden.at\/?page_id=261"},"modified":"2024-02-01T09:32:07","modified_gmt":"2024-02-01T09:32:07","slug":"leitbild-2","status":"publish","type":"page","link":"https:\/\/vs-neufelden.at\/?page_id=261","title":{"rendered":"Leitbild"},"content":{"rendered":"\t\t<div data-elementor-type=\"wp-page\" data-elementor-id=\"261\" class=\"elementor elementor-261\">\n\t\t\t\t<div class=\"elementor-element elementor-element-7022d65 e-flex e-con-boxed e-con e-parent\" data-id=\"7022d65\" data-element_type=\"container\" data-e-type=\"container\">\n\t\t\t\t\t<div class=\"e-con-inner\">\n\t\t<div class=\"elementor-element elementor-element-3f463fe e-con-full e-flex e-con e-child\" data-id=\"3f463fe\" data-element_type=\"container\" data-e-type=\"container\">\n\t\t\t\t<div class=\"elementor-element elementor-element-1579d12 animated-slow elementor-invisible elementor-widget elementor-widget-image\" data-id=\"1579d12\" data-element_type=\"widget\" data-e-type=\"widget\" data-settings=\"{&quot;_animation&quot;:&quot;slideInLeft&quot;}\" data-widget_type=\"image.default\">\n\t\t\t\t<div class=\"elementor-widget-container\">\n\t\t\t\t\t\t\t\t\t\t\t\t\t\t\t<img fetchpriority=\"high\" decoding=\"async\" width=\"454\" height=\"393\" src=\"https:\/\/vs-neufelden.at\/wp-content\/uploads\/2023\/10\/logo_bruecke-2.png\" class=\"attachment-large size-large wp-image-110\" alt=\"\" srcset=\"https:\/\/vs-neufelden.at\/wp-content\/uploads\/2023\/10\/logo_bruecke-2.png 454w, https:\/\/vs-neufelden.at\/wp-content\/uploads\/2023\/10\/logo_bruecke-2-300x260.png 300w\" sizes=\"(max-width: 454px) 100vw, 454px\" \/>\t\t\t\t\t\t\t\t\t\t\t\t\t\t\t<\/div>\n\t\t\t\t<\/div>\n\t\t\t\t<\/div>\n\t\t<div class=\"elementor-element elementor-element-b9c32de e-con-full e-flex e-con e-child\" data-id=\"b9c32de\" data-element_type=\"container\" data-e-type=\"container\">\n\t\t\t\t<div class=\"elementor-element elementor-element-92ef626 animated-slow elementor-invisible elementor-widget elementor-widget-text-editor\" data-id=\"92ef626\" data-element_type=\"widget\" data-e-type=\"widget\" data-settings=\"{&quot;_animation&quot;:&quot;slideInRight&quot;}\" data-widget_type=\"text-editor.default\">\n\t\t\t\t<div class=\"elementor-widget-container\">\n\t\t\t\t\t\t\t\t\t<p>\u00a0<\/p><p>Br\u00fccken verbinden<\/p><p>&#8222;Jeder braucht ab und zu auf seinem Lebensweg eine Br\u00fccke oder auch nur einen kleinen Steg.<\/p><p>Es kann eine ausgestreckte Hand oder einfach eine Geste sein.\u00a0<\/p><p>Ein L\u00e4cheln, ein paar Gedanken, ein Gef\u00fchl: Du bist nicht allein.&#8220;<\/p><p>by Syra Kolb<\/p>\t\t\t\t\t\t\t\t<\/div>\n\t\t\t\t<\/div>\n\t\t\t\t<\/div>\n\t\t\t\t\t<\/div>\n\t\t\t\t<\/div>\n\t\t<div class=\"elementor-element elementor-element-7f992df e-flex e-con-boxed e-con e-parent\" data-id=\"7f992df\" data-element_type=\"container\" data-e-type=\"container\">\n\t\t\t\t\t<div class=\"e-con-inner\">\n\t\t\t\t<div class=\"elementor-element elementor-element-39e1ade elementor-widget__width-initial e-transform elementor-widget elementor-widget-text-editor\" data-id=\"39e1ade\" data-element_type=\"widget\" data-e-type=\"widget\" data-settings=\"{&quot;_transform_translateX_effect&quot;:{&quot;unit&quot;:&quot;px&quot;,&quot;size&quot;:&quot;&quot;,&quot;sizes&quot;:[]},&quot;_transform_translateX_effect_tablet&quot;:{&quot;unit&quot;:&quot;px&quot;,&quot;size&quot;:&quot;&quot;,&quot;sizes&quot;:[]},&quot;_transform_translateX_effect_mobile&quot;:{&quot;unit&quot;:&quot;px&quot;,&quot;size&quot;:&quot;&quot;,&quot;sizes&quot;:[]},&quot;_transform_translateY_effect&quot;:{&quot;unit&quot;:&quot;px&quot;,&quot;size&quot;:&quot;&quot;,&quot;sizes&quot;:[]},&quot;_transform_translateY_effect_tablet&quot;:{&quot;unit&quot;:&quot;px&quot;,&quot;size&quot;:&quot;&quot;,&quot;sizes&quot;:[]},&quot;_transform_translateY_effect_mobile&quot;:{&quot;unit&quot;:&quot;px&quot;,&quot;size&quot;:&quot;&quot;,&quot;sizes&quot;:[]}}\" data-widget_type=\"text-editor.default\">\n\t\t\t\t<div class=\"elementor-widget-container\">\n\t\t\t\t\t\t\t\t\t<p><strong>Leitbild<\/strong><\/p>\n<p>Die multikulturelle und multilinguale Vielfalt an unserer Schule macht uns zu einer besonderen Volksschule im sch\u00f6nen M\u00fchlviertel.<\/p>\n<p>Durch eine einladende Gemeinschaft, die auf Respekt, Toleranz und interkulturellem Verst\u00e4ndnis basiert, legen wir den Grundstein, damit jede Sch\u00fclerin und jeder Sch\u00fcler sein volles Potential entfalten kann, unabh\u00e4ngig vom kulturellen Hintergrund.<\/p>\n<p>Die &nbsp;\u201eBr\u00fcckenpfeiler\u201c unserer t\u00e4glichen Arbeit sind Wertsch\u00e4tzung, Geduld, klare Strukturen, Achtsamkeit und Wohlwollen. &nbsp;Wir sind davon \u00fcberzeugt, dass diese Grundhaltungen dazu beitragen, eine positive Lernumgebung zu schaffen, in der sich jedes Kind optimal entfalten kann.<\/p>\n<p>Die Pers\u00f6nlichkeitsentwicklung und die bestm\u00f6gliche schulische Entwicklung jedes Kindes sind uns wichtig.<\/p>\n<p>Jedes Kind wird bei uns gef\u00f6rdert und gefordert. Es bekommt die Zeit, die es zum Lernen braucht.<\/p>\n<p>Wir f\u00fchren mit dem Einsatz entsprechender Methoden und zeitgem\u00e4\u00dfer Lehr- und Lernmittel unsere Sch\u00fclerinnen und Sch\u00fcler zu Selbstbewusstsein und Teamkompetenz.<\/p>\n<p>Bewegung ist eine Voraussetzung, damit Kinder sich optimal kognitiv, physisch, psychisch und sozial entwickeln. Darum ist uns die bewegte Pause wichtig, der bewegte Unterricht und auch zus\u00e4tzliche Turnstunden geben den Kindern gen\u00fcgend Gelegenheit, sich zu bewegen.<\/p>\n<p>Wir sehen uns als st\u00e4ndig Lernende. Laufende Fortbildung und interner Austausch erm\u00f6glichen zukunftsorientierten und professionellen Unterricht.<\/p>\n<p>Wir sch\u00e4tzen und f\u00f6rdern die Zusammenarbeit mit Eltern und au\u00dferschulischen Organisationen. Gemeinsam begleiten wir die Kinder auf ihrem Weg zu selbst\u00e4ndigen, wissbegierigen und verantwortungsbewussten Menschen.<\/p>\t\t\t\t\t\t\t\t<\/div>\n\t\t\t\t<\/div>\n\t\t\t\t\t<\/div>\n\t\t\t\t<\/div>\n\t\t\t\t<\/div>\n\t\t","protected":false},"excerpt":{"rendered":"<p>\u00a0 Br\u00fccken verbinden &#8222;Jeder braucht ab und zu auf seinem Lebensweg eine Br\u00fccke oder auch nur einen kleinen Steg. Es kann eine ausgestreckte Hand oder einfach eine Geste sein.\u00a0 Ein L\u00e4cheln, ein paar Gedanken, ein Gef\u00fchl: Du bist nicht allein.&#8220; by Syra Kolb Leitbild Die multikulturelle und multilinguale Vielfalt an unserer Schule macht uns zu&hellip; <br \/> <a class=\"read-more\" href=\"https:\/\/vs-neufelden.at\/?page_id=261\">Weiterlesen<\/a><\/p>\n","protected":false},"author":1,"featured_media":0,"parent":0,"menu_order":0,"comment_status":"closed","ping_status":"closed","template":"","meta":{"footnotes":""},"class_list":["post-261","page","type-page","status-publish","hentry"],"_links":{"self":[{"href":"https:\/\/vs-neufelden.at\/index.php?rest_route=\/wp\/v2\/pages\/261","targetHints":{"allow":["GET"]}}],"collection":[{"href":"https:\/\/vs-neufelden.at\/index.php?rest_route=\/wp\/v2\/pages"}],"about":[{"href":"https:\/\/vs-neufelden.at\/index.php?rest_route=\/wp\/v2\/types\/page"}],"author":[{"embeddable":true,"href":"https:\/\/vs-neufelden.at\/index.php?rest_route=\/wp\/v2\/users\/1"}],"replies":[{"embeddable":true,"href":"https:\/\/vs-neufelden.at\/index.php?rest_route=%2Fwp%2Fv2%2Fcomments&post=261"}],"version-history":[{"count":52,"href":"https:\/\/vs-neufelden.at\/index.php?rest_route=\/wp\/v2\/pages\/261\/revisions"}],"predecessor-version":[{"id":642,"href":"https:\/\/vs-neufelden.at\/index.php?rest_route=\/wp\/v2\/pages\/261\/revisions\/642"}],"wp:attachment":[{"href":"https:\/\/vs-neufelden.at\/index.php?rest_route=%2Fwp%2Fv2%2Fmedia&parent=261"}],"curies":[{"name":"wp","href":"https:\/\/api.w.org\/{rel}","templated":true}]}}